{"id":8,"date":"2020-04-28T18:20:01","date_gmt":"2020-04-28T18:20:01","guid":{"rendered":"https:\/\/ferreicork.com\/?page_id=8"},"modified":"2020-05-10T14:33:50","modified_gmt":"2020-05-10T14:33:50","slug":"visao-e-futuro","status":"publish","type":"page","link":"https:\/\/ferreicork.com\/es\/visao-e-futuro\/","title":{"rendered":"Visi\u00f3n y futuro"},"content":{"rendered":"<div data-vc-full-width=\"true\" data-vc-full-width-init=\"false\" class=\"vc_row wpb_row vc_row-fluid\"><div class=\"wpb_column vc_column_container col-sm-12\"><div class=\"vc_column-inner\"><div class=\"wpb_wrapper\">\n\t<div  class=\"wpb_single_image wpb_content_element vc_align_center\">\n\t\t\n\t\t<figure class=\"wpb_wrapper vc_figure\">\n\t\t\t<div class=\"vc_single_image-wrapper   vc_box_border_grey\"><img loading=\"lazy\" decoding=\"async\" width=\"1351\" height=\"554\" src=\"https:\/\/ferreicork.com\/wp-content\/uploads\/2020\/04\/map2.jpg\" class=\"vc_single_image-img attachment-full\" alt=\"\" title=\"map2\" srcset=\"https:\/\/ferreicork.com\/wp-content\/uploads\/2020\/04\/map2.jpg 1351w, https:\/\/ferreicork.com\/wp-content\/uploads\/2020\/04\/map2-300x123.jpg 300w, https:\/\/ferreicork.com\/wp-content\/uploads\/2020\/04\/map2-1024x420.jpg 1024w, https:\/\/ferreicork.com\/wp-content\/uploads\/2020\/04\/map2-768x315.jpg 768w\" sizes=\"auto, (max-width: 1351px) 100vw, 1351px\" \/><\/div>\n\t\t<\/figure>\n\t<\/div>\n<div class=\"vc_empty_space\"   style=\"height: 150px\"><span class=\"vc_empty_space_inner\"><\/span><\/div><\/div><\/div><\/div><\/div><div class=\"vc_row-full-width vc_clearfix\"><\/div><div class=\"container\"><div class=\"vc_row wpb_row vc_row-fluid\"><div class=\"wpb_column vc_column_container col-sm-12\"><div class=\"vc_column-inner\"><div class=\"wpb_wrapper\">\n\t<div class=\"wpb_text_column wpb_content_element\" >\n\t\t<div class=\"wpb_wrapper\">\n\t\t\t<h2>Expansi\u00f3n Geogr\u00e1fica<\/h2>\n\n\t\t<\/div>\n\t<\/div>\n<div class=\"vc_empty_space\"   style=\"height: 32px\"><span class=\"vc_empty_space_inner\"><\/span><\/div><\/div><\/div><\/div><\/div><\/div><div class=\"container\"><div class=\"vc_row wpb_row vc_row-fluid\"><div class=\"wpb_column vc_column_container col-sm-4\"><div class=\"vc_column-inner\"><div class=\"wpb_wrapper\"><div class=\"boxed boxed--border\" ><div class=\"container\"><div class=\"vc_icon_element vc_icon_element-outer vc_icon_element-align-center\"><div class=\"vc_icon_element-inner vc_icon_element-color-custom vc_icon_element-size-xl vc_icon_element-style- vc_icon_element-background-color-grey\" ><span class=\"vc_icon_element-icon fas fa-exchange-alt\" style=\"color:#a3db4a !important\"><\/span><\/div><\/div>\n\t<div class=\"wpb_text_column wpb_content_element\" >\n\t\t<div class=\"wpb_wrapper\">\n\t\t\t<h4 style=\"text-align: left;\">Desde nuestros inicios, nuestra vocaci\u00f3n ha sido exportar<\/h4>\n\n\t\t<\/div>\n\t<\/div>\n<\/div><\/div><\/div><\/div><\/div><div class=\"wpb_column vc_column_container col-sm-4\"><div class=\"vc_column-inner\"><div class=\"wpb_wrapper\"><div class=\"boxed boxed--border\" ><div class=\"container\"><div class=\"vc_icon_element vc_icon_element-outer vc_icon_element-align-center\"><div class=\"vc_icon_element-inner vc_icon_element-color-custom vc_icon_element-size-xl vc_icon_element-style- vc_icon_element-background-color-grey\" ><span class=\"vc_icon_element-icon fas fa-braille\" style=\"color:#a3db4a !important\"><\/span><\/div><\/div>\n\t<div class=\"wpb_text_column wpb_content_element\" >\n\t\t<div class=\"wpb_wrapper\">\n\t\t\t<h4 style=\"text-align: justify;\">Para responder al desaf\u00edo de satisfacer al cliente y las crecientes exigencias de los mercados, tratar con diferentes tradiciones y preferencias, es necesario alguna experiencia de negocio.<\/h4>\n\n\t\t<\/div>\n\t<\/div>\n<\/div><\/div><\/div><\/div><\/div><div class=\"wpb_column vc_column_container col-sm-4\"><div class=\"vc_column-inner\"><div class=\"wpb_wrapper\"><div class=\"boxed boxed--border\" ><div class=\"container\"><div class=\"vc_icon_element vc_icon_element-outer vc_icon_element-align-center\"><div class=\"vc_icon_element-inner vc_icon_element-color-custom vc_icon_element-size-xl vc_icon_element-style- vc_icon_element-background-color-grey\" ><span class=\"vc_icon_element-icon fas fa-globe-americas\" style=\"color:#a3db4a !important\"><\/span><\/div><\/div>\n\t<div class=\"wpb_text_column wpb_content_element\" >\n\t\t<div class=\"wpb_wrapper\">\n\t\t\t<h4 style=\"text-align: justify;\">Ferreicork proporciona el mercado de: Chile, Colombia, Espa\u00f1a, Estados Unidos, Filipinas, Francia, Italia, Malasia, M\u00e9xico, Per\u00fa y Portugal.<\/h4>\n\n\t\t<\/div>\n\t<\/div>\n<\/div><\/div><\/div><\/div><\/div><\/div><\/div><section class=\"vc_custom_1588200748589 vc_section-has-fill\" ><div class=\"container\"><div class=\"vc_row wpb_row vc_row-fluid\"><div class=\"wpb_column vc_column_container col-sm-6\"><div class=\"vc_column-inner\"><div class=\"wpb_wrapper\">\n\t<div class=\"wpb_text_column wpb_content_element\" >\n\t\t<div class=\"wpb_wrapper\">\n\t\t\t<h2>Proceso productivo<\/h2>\n\n\t\t<\/div>\n\t<\/div>\n<div class=\"vc_empty_space\"   style=\"height: 32px\"><span class=\"vc_empty_space_inner\"><\/span><\/div>\n\t<div class=\"wpb_text_column wpb_content_element\" >\n\t\t<div class=\"wpb_wrapper\">\n\t\t\t<h4 style=\"text-align: justify;\" class=\"translation-block\">En la industria del corcho es importante establecer un desarrollo sostenible basado en las preocupaciones actuales con las cuestiones medioambientales. Todo el proceso productivo se ha pensado para aplicar nuevos m\u00e9todos para obtener la mejor productividad, pero teniendo en cuenta las preocupaciones medioambientales. Una gesti\u00f3n eficaz de estos factores, nos ha tra\u00eddo competitividad y nos ha convertido en una de las empresas conceptuadas en el sector de tapones de corcho natural.\nEl cuidado del medio ambiente es la garant\u00eda de un futuro mejor.<\/h4>\n\n\t\t<\/div>\n\t<\/div>\n<\/div><\/div><\/div><div class=\"wpb_column vc_column_container col-sm-6\"><div class=\"vc_column-inner\"><div class=\"wpb_wrapper\"><div class=\"row vc_row wpb_row vc_inner vc_row-fluid\"><div class=\"wpb_column vc_column_container col-sm-6\"><div class=\"vc_column-inner\"><div class=\"wpb_wrapper\">\n\t<div  class=\"wpb_single_image wpb_content_element vc_align_left\">\n\t\t\n\t\t<figure class=\"wpb_wrapper vc_figure\">\n\t\t\t<div class=\"vc_single_image-wrapper vc_box_rounded  vc_box_border_grey\"><img loading=\"lazy\" decoding=\"async\" width=\"330\" height=\"330\" src=\"https:\/\/ferreicork.com\/wp-content\/uploads\/2020\/04\/process1.jpg\" class=\"vc_single_image-img attachment-full\" alt=\"\" title=\"process1\" srcset=\"https:\/\/ferreicork.com\/wp-content\/uploads\/2020\/04\/process1.jpg 330w, https:\/\/ferreicork.com\/wp-content\/uploads\/2020\/04\/process1-300x300.jpg 300w, https:\/\/ferreicork.com\/wp-content\/uploads\/2020\/04\/process1-150x150.jpg 150w, https:\/\/ferreicork.com\/wp-content\/uploads\/2020\/04\/process1-60x60.jpg 60w\" sizes=\"auto, (max-width: 330px) 100vw, 330px\" \/><\/div>\n\t\t<\/figure>\n\t<\/div>\n<\/div><\/div><\/div><div class=\"wpb_column vc_column_container col-sm-6\"><div class=\"vc_column-inner\"><div class=\"wpb_wrapper\">\n\t<div  class=\"wpb_single_image wpb_content_element vc_align_left\">\n\t\t\n\t\t<figure class=\"wpb_wrapper vc_figure\">\n\t\t\t<div class=\"vc_single_image-wrapper vc_box_rounded  vc_box_border_grey\"><img loading=\"lazy\" decoding=\"async\" width=\"330\" height=\"330\" src=\"https:\/\/ferreicork.com\/wp-content\/uploads\/2020\/04\/process2.jpg\" class=\"vc_single_image-img attachment-full\" alt=\"\" title=\"process2\" srcset=\"https:\/\/ferreicork.com\/wp-content\/uploads\/2020\/04\/process2.jpg 330w, https:\/\/ferreicork.com\/wp-content\/uploads\/2020\/04\/process2-300x300.jpg 300w, https:\/\/ferreicork.com\/wp-content\/uploads\/2020\/04\/process2-150x150.jpg 150w, https:\/\/ferreicork.com\/wp-content\/uploads\/2020\/04\/process2-60x60.jpg 60w\" sizes=\"auto, (max-width: 330px) 100vw, 330px\" \/><\/div>\n\t\t<\/figure>\n\t<\/div>\n<\/div><\/div><\/div><\/div><div class=\"vc_empty_space\"   style=\"height: 32px\"><span class=\"vc_empty_space_inner\"><\/span><\/div><div class=\"row vc_row wpb_row vc_inner vc_row-fluid\"><div class=\"wpb_column vc_column_container col-sm-6\"><div class=\"vc_column-inner\"><div class=\"wpb_wrapper\">\n\t<div  class=\"wpb_single_image wpb_content_element vc_align_left\">\n\t\t\n\t\t<figure class=\"wpb_wrapper vc_figure\">\n\t\t\t<div class=\"vc_single_image-wrapper vc_box_rounded  vc_box_border_grey\"><img loading=\"lazy\" decoding=\"async\" width=\"330\" height=\"330\" src=\"https:\/\/ferreicork.com\/wp-content\/uploads\/2020\/04\/process3.jpg\" class=\"vc_single_image-img attachment-full\" alt=\"\" title=\"process3\" srcset=\"https:\/\/ferreicork.com\/wp-content\/uploads\/2020\/04\/process3.jpg 330w, https:\/\/ferreicork.com\/wp-content\/uploads\/2020\/04\/process3-300x300.jpg 300w, https:\/\/ferreicork.com\/wp-content\/uploads\/2020\/04\/process3-150x150.jpg 150w, https:\/\/ferreicork.com\/wp-content\/uploads\/2020\/04\/process3-60x60.jpg 60w\" sizes=\"auto, (max-width: 330px) 100vw, 330px\" \/><\/div>\n\t\t<\/figure>\n\t<\/div>\n<\/div><\/div><\/div><div class=\"wpb_column vc_column_container col-sm-6\"><div class=\"vc_column-inner\"><div class=\"wpb_wrapper\">\n\t<div  class=\"wpb_single_image wpb_content_element vc_align_left\">\n\t\t\n\t\t<figure class=\"wpb_wrapper vc_figure\">\n\t\t\t<div class=\"vc_single_image-wrapper vc_box_rounded  vc_box_border_grey\"><img loading=\"lazy\" decoding=\"async\" width=\"330\" height=\"330\" src=\"https:\/\/ferreicork.com\/wp-content\/uploads\/2020\/04\/process4.jpg\" class=\"vc_single_image-img attachment-full\" alt=\"\" title=\"process4\" srcset=\"https:\/\/ferreicork.com\/wp-content\/uploads\/2020\/04\/process4.jpg 330w, https:\/\/ferreicork.com\/wp-content\/uploads\/2020\/04\/process4-300x300.jpg 300w, https:\/\/ferreicork.com\/wp-content\/uploads\/2020\/04\/process4-150x150.jpg 150w, https:\/\/ferreicork.com\/wp-content\/uploads\/2020\/04\/process4-60x60.jpg 60w\" sizes=\"auto, (max-width: 330px) 100vw, 330px\" \/><\/div>\n\t\t<\/figure>\n\t<\/div>\n<\/div><\/div><\/div><\/div><\/div><\/div><\/div><\/div><\/div><\/section>","protected":false},"excerpt":{"rendered":"Expans\u00e3o Geogr\u00e1fica Desde a nossa g\u00e9nese, a nossa voca\u00e7\u00e3o \u00e9 a exporta\u00e7\u00e3o Para responder ao desafio de satisfazer o cliente e as...","protected":false},"author":1,"featured_media":0,"parent":0,"menu_order":0,"comment_status":"closed","ping_status":"closed","template":"","meta":{"footnotes":""},"class_list":["post-8","page","type-page","status-publish","hentry"],"_links":{"self":[{"href":"https:\/\/ferreicork.com\/es\/wp-json\/wp\/v2\/pages\/8","targetHints":{"allow":["GET"]}}],"collection":[{"href":"https:\/\/ferreicork.com\/es\/wp-json\/wp\/v2\/pages"}],"about":[{"href":"https:\/\/ferreicork.com\/es\/wp-json\/wp\/v2\/types\/page"}],"author":[{"embeddable":true,"href":"https:\/\/ferreicork.com\/es\/wp-json\/wp\/v2\/users\/1"}],"replies":[{"embeddable":true,"href":"https:\/\/ferreicork.com\/es\/wp-json\/wp\/v2\/comments?post=8"}],"version-history":[{"count":5,"href":"https:\/\/ferreicork.com\/es\/wp-json\/wp\/v2\/pages\/8\/revisions"}],"predecessor-version":[{"id":3220,"href":"https:\/\/ferreicork.com\/es\/wp-json\/wp\/v2\/pages\/8\/revisions\/3220"}],"wp:attachment":[{"href":"https:\/\/ferreicork.com\/es\/wp-json\/wp\/v2\/media?parent=8"}],"curies":[{"name":"wp","href":"https:\/\/api.w.org\/{rel}","templated":true}]}}