{"id":21,"date":"2020-04-28T18:25:38","date_gmt":"2020-04-28T18:25:38","guid":{"rendered":"https:\/\/ferreicork.com\/?page_id=21"},"modified":"2020-05-07T17:51:53","modified_gmt":"2020-05-07T17:51:53","slug":"sobre","status":"publish","type":"page","link":"https:\/\/ferreicork.com\/es\/sobre\/","title":{"rendered":"Sobre"},"content":{"rendered":"<section class=\"height-100 cover height-90 imagebg parallax\" data-overlay=\"4\" >\n\t\t\t\t<div class=\"background-image-holder\">\n\t\t\t\t\t<img loading=\"lazy\" decoding=\"async\" width=\"1920\" height=\"1080\" src=\"https:\/\/ferreicork.com\/wp-content\/uploads\/2020\/04\/about1.jpg\" class=\"attachment-full size-full\" alt=\"\" srcset=\"https:\/\/ferreicork.com\/wp-content\/uploads\/2020\/04\/about1.jpg 1920w, https:\/\/ferreicork.com\/wp-content\/uploads\/2020\/04\/about1-300x169.jpg 300w, https:\/\/ferreicork.com\/wp-content\/uploads\/2020\/04\/about1-1024x576.jpg 1024w, https:\/\/ferreicork.com\/wp-content\/uploads\/2020\/04\/about1-768x432.jpg 768w, https:\/\/ferreicork.com\/wp-content\/uploads\/2020\/04\/about1-1536x864.jpg 1536w\" sizes=\"auto, (max-width: 1920px) 100vw, 1920px\" \/>\n\t\t\t\t<\/div>\n\t\t\t\t<div class=\"container pos-vertical-center\">\n\t\t\t\t\t<div class=\"row\">\n\t\t\t\t\t\t<div class=\"col-sm-12\"><section class=\"page-navigator\"><ul><\/ul><\/section><div class=\"row vc_row wpb_row vc_inner vc_row-fluid\"><div class=\"wpb_column vc_column_container col-sm-6\"><div class=\"vc_column-inner\"><div class=\"wpb_wrapper\">\n\t<div  class=\"wpb_single_image wpb_content_element vc_align_left\">\n\t\t\n\t\t<figure class=\"wpb_wrapper vc_figure\">\n\t\t\t<div class=\"vc_single_image-wrapper   vc_box_border_grey\"><img loading=\"lazy\" decoding=\"async\" width=\"390\" height=\"239\" src=\"https:\/\/ferreicork.com\/wp-content\/uploads\/2020\/04\/25.png\" class=\"vc_single_image-img attachment-full\" alt=\"\" title=\"25\" srcset=\"https:\/\/ferreicork.com\/wp-content\/uploads\/2020\/04\/25.png 390w, https:\/\/ferreicork.com\/wp-content\/uploads\/2020\/04\/25-300x184.png 300w\" sizes=\"auto, (max-width: 390px) 100vw, 390px\" \/><\/div>\n\t\t<\/figure>\n\t<\/div>\n<\/div><\/div><\/div><div class=\"wpb_column vc_column_container col-sm-6\"><div class=\"vc_column-inner\"><div class=\"wpb_wrapper\"><div class=\"vc_empty_space\"   style=\"height: 120px\"><span class=\"vc_empty_space_inner\"><\/span><\/div>\n\t<div class=\"wpb_text_column wpb_content_element\" >\n\t\t<div class=\"wpb_wrapper\">\n\t\t\t<h1>25 a\u00f1os innovando con tradici\u00f3n<\/h1>\n\n\t\t<\/div>\n\t<\/div>\n<\/div><\/div><\/div><\/div><\/div>\n\t\t\t\t\t<\/div><!--end of row-->\n\t\t\t\t<\/div><!--end of container-->\n\t\t\t\t\n\t\t\t<\/section>\n\t\t<div class=\"vc_row-full-width vc_clearfix\"><\/div><div data-vc-full-width=\"true\" data-vc-full-width-init=\"false\" class=\"vc_row wpb_row vc_row-fluid\"><div class=\"wpb_column vc_column_container col-sm-12\"><div class=\"vc_column-inner\"><div class=\"wpb_wrapper\">\n\t\t\t<section class=\"imageblock switchable feature-large bg--dark space--sm\">\n\t\t\t    <div class=\"imageblock__content col-md-6 col-sm-4 pos-right\">\n\t\t\t        <div class=\"background-image-holder\">\n\t\t\t            <img loading=\"lazy\" decoding=\"async\" width=\"1067\" height=\"1600\" src=\"https:\/\/ferreicork.com\/wp-content\/uploads\/2020\/05\/about_alt.jpg\" class=\"attachment-full size-full\" alt=\"\" srcset=\"https:\/\/ferreicork.com\/wp-content\/uploads\/2020\/05\/about_alt.jpg 1067w, https:\/\/ferreicork.com\/wp-content\/uploads\/2020\/05\/about_alt-200x300.jpg 200w, https:\/\/ferreicork.com\/wp-content\/uploads\/2020\/05\/about_alt-683x1024.jpg 683w, https:\/\/ferreicork.com\/wp-content\/uploads\/2020\/05\/about_alt-768x1152.jpg 768w, https:\/\/ferreicork.com\/wp-content\/uploads\/2020\/05\/about_alt-1024x1536.jpg 1024w\" sizes=\"auto, (max-width: 1067px) 100vw, 1067px\" \/>\n\t\t\t        <\/div>\n\t\t\t    <\/div>\n\t\t\t    <div class=\"container\">\n\t\t\t        <div class=\"row\">\n\t\t\t            <div class=\"col-md-5 col-sm-7\">\n\t\t\t                \n\t<div class=\"wpb_text_column wpb_content_element\" >\n\t\t<div class=\"wpb_wrapper\">\n\t\t\t<h4 style=\"text-align: justify;\">Fundada en 1980 por el actual socio gerente Sr. \u00c1lvaro de Oliveira Ferreira. En 1995, la compa\u00f1\u00eda se convirti\u00f3 en una sociedad limitada privada, integrando la nueva generaci\u00f3n, teniendo como socios a sus hijos Marisa Ferreira y Andr\u00e9 Ferreira.<\/h4>\n<h4 style=\"text-align: justify;\">Ferreicork a lo largo de los a\u00f1os siempre se ha distinguido por la fabricaci\u00f3n de especialidades de corcho, personalizando el corcho para los productos de sus clientes, que son del tipo natural o aglomerado.<\/h4>\n<h4 style=\"text-align: justify;\"><em>\"Nuestro objetivo es mantener y expandir nuestros mercados objetivo al elegir elegir las tecnolog\u00edas m\u00e1s avanzadas, logrando as\u00ed altos niveles de eficiencia y precisi\u00f3n\".<\/em><\/h4>\n\n\t\t<\/div>\n\t<\/div>\n\n\t\t\t            <\/div>\n\t\t\t        <\/div><!--end of row-->\n\t\t\t    <\/div><!--end of container-->\n\t\t\t<\/section>\n\t\t<\/div><\/div><\/div><\/div><div class=\"vc_row-full-width vc_clearfix\"><\/div><section class=\"bg--grey\" ><div class=\"container\"><div class=\"vc_row wpb_row vc_row-fluid\"><div class=\"wpb_column vc_column_container col-sm-6\"><div class=\"vc_column-inner\"><div class=\"wpb_wrapper\">\n\t<div class=\"wpb_text_column wpb_content_element\" >\n\t\t<div class=\"wpb_wrapper\">\n\t\t\t<h2 style=\"text-align: left;\">Certificaciones<\/h2>\n\n\t\t<\/div>\n\t<\/div>\n\n\t<div class=\"wpb_text_column wpb_content_element\" >\n\t\t<div class=\"wpb_wrapper\">\n\t\t\t<h4 style=\"text-align: justify;\">La certificaci\u00f3n asegura la competitividad siendo un factor fundamental para el \u00e9xito. Para FERREICORK-CORTIZAS, Lda. Es un est\u00edmulo a la mejora. Para los clientes es m\u00e1s una prueba de confianza en el producto. FERREICORK-CORTIZAS, Lda. Est\u00e1 certificada por el SYSTECODE - C\u00f3digo Internacional de las Pr\u00e1cticas de Rodillos desde 2006 y est\u00e1 implementando la Norma ISO 9001.<\/h4>\n\n\t\t<\/div>\n\t<\/div>\n<\/div><\/div><\/div><div class=\"wpb_column vc_column_container col-sm-6\"><div class=\"vc_column-inner\"><div class=\"wpb_wrapper\">\n\t<div  class=\"wpb_single_image wpb_content_element vc_align_left\">\n\t\t\n\t\t<figure class=\"wpb_wrapper vc_figure\">\n\t\t\t<div class=\"vc_single_image-wrapper   vc_box_border_grey\"><img loading=\"lazy\" decoding=\"async\" width=\"555\" height=\"320\" src=\"https:\/\/ferreicork.com\/wp-content\/uploads\/2020\/04\/ct3.png\" class=\"vc_single_image-img attachment-full\" alt=\"\" title=\"ct3\" srcset=\"https:\/\/ferreicork.com\/wp-content\/uploads\/2020\/04\/ct3.png 555w, https:\/\/ferreicork.com\/wp-content\/uploads\/2020\/04\/ct3-300x173.png 300w\" sizes=\"auto, (max-width: 555px) 100vw, 555px\" \/><\/div>\n\t\t<\/figure>\n\t<\/div>\n<\/div><\/div><\/div><\/div><\/div><\/section>","protected":false},"excerpt":{"rendered":"H\u00e1 25 anos a inovar com tradi\u00e7\u00e3o Fundada em 1980 pelo atual S\u00f3cio Gerente Sr. \u00c1lvaro de Oliveira Ferreira. Em 1995 a...","protected":false},"author":1,"featured_media":0,"parent":0,"menu_order":0,"comment_status":"closed","ping_status":"closed","template":"","meta":{"footnotes":""},"class_list":["post-21","page","type-page","status-publish","hentry"],"_links":{"self":[{"href":"https:\/\/ferreicork.com\/es\/wp-json\/wp\/v2\/pages\/21","targetHints":{"allow":["GET"]}}],"collection":[{"href":"https:\/\/ferreicork.com\/es\/wp-json\/wp\/v2\/pages"}],"about":[{"href":"https:\/\/ferreicork.com\/es\/wp-json\/wp\/v2\/types\/page"}],"author":[{"embeddable":true,"href":"https:\/\/ferreicork.com\/es\/wp-json\/wp\/v2\/users\/1"}],"replies":[{"embeddable":true,"href":"https:\/\/ferreicork.com\/es\/wp-json\/wp\/v2\/comments?post=21"}],"version-history":[{"count":5,"href":"https:\/\/ferreicork.com\/es\/wp-json\/wp\/v2\/pages\/21\/revisions"}],"predecessor-version":[{"id":3214,"href":"https:\/\/ferreicork.com\/es\/wp-json\/wp\/v2\/pages\/21\/revisions\/3214"}],"wp:attachment":[{"href":"https:\/\/ferreicork.com\/es\/wp-json\/wp\/v2\/media?parent=21"}],"curies":[{"name":"wp","href":"https:\/\/api.w.org\/{rel}","templated":true}]}}