{"id":14,"date":"2020-04-28T18:23:07","date_gmt":"2020-04-28T18:23:07","guid":{"rendered":"https:\/\/ferreicork.com\/?page_id=14"},"modified":"2020-05-10T15:21:14","modified_gmt":"2020-05-10T15:21:14","slug":"rolhas","status":"publish","type":"page","link":"https:\/\/ferreicork.com\/es\/rolhas\/","title":{"rendered":"Tapones"},"content":{"rendered":"<section class=\"height-100 cover height-90 imagebg parallax\" data-overlay=\"4\" >\n\t\t\t\t<div class=\"background-image-holder\">\n\t\t\t\t\t<img loading=\"lazy\" decoding=\"async\" width=\"1920\" height=\"1080\" src=\"https:\/\/ferreicork.com\/wp-content\/uploads\/2020\/05\/passion.jpg\" class=\"attachment-full size-full\" alt=\"\" srcset=\"https:\/\/ferreicork.com\/wp-content\/uploads\/2020\/05\/passion.jpg 1920w, https:\/\/ferreicork.com\/wp-content\/uploads\/2020\/05\/passion-300x169.jpg 300w, https:\/\/ferreicork.com\/wp-content\/uploads\/2020\/05\/passion-1024x576.jpg 1024w, https:\/\/ferreicork.com\/wp-content\/uploads\/2020\/05\/passion-768x432.jpg 768w, https:\/\/ferreicork.com\/wp-content\/uploads\/2020\/05\/passion-1536x864.jpg 1536w\" sizes=\"auto, (max-width: 1920px) 100vw, 1920px\" \/>\n\t\t\t\t<\/div>\n\t\t\t\t<div class=\"container pos-vertical-center\">\n\t\t\t\t\t<div class=\"row\">\n\t\t\t\t\t\t<div class=\"col-sm-12\"><div class=\"row vc_row wpb_row vc_inner vc_row-fluid\"><div class=\"wpb_column vc_column_container col-sm-12\"><div class=\"vc_column-inner\"><div class=\"wpb_wrapper\">\n\t<div class=\"wpb_text_column wpb_content_element\" >\n\t\t<div class=\"wpb_wrapper\">\n\t\t\t<h1 style=\"text-align: center;\">Pasi\u00f3n en forma de <strong>Corcho<\/strong><\/h1>\n\n\t\t<\/div>\n\t<\/div>\n<\/div><\/div><\/div><\/div><\/div>\n\t\t\t\t\t<\/div><!--end of row-->\n\t\t\t\t<\/div><!--end of container-->\n\t\t\t\t\n\t\t\t<\/section>\n\t\t<div class=\"vc_row-full-width vc_clearfix\"><\/div><div class=\"container\"><div class=\"vc_row wpb_row vc_row-fluid\"><div class=\"wpb_column vc_column_container col-sm-4\"><div class=\"vc_column-inner\"><div class=\"wpb_wrapper\">\n\t<div  class=\"wpb_single_image wpb_content_element vc_align_left\">\n\t\t\n\t\t<figure class=\"wpb_wrapper vc_figure\">\n\t\t\t<div class=\"vc_single_image-wrapper   vc_box_border_grey\"><img loading=\"lazy\" decoding=\"async\" width=\"360\" height=\"260\" src=\"https:\/\/ferreicork.com\/wp-content\/uploads\/2020\/05\/naturais.jpg\" class=\"vc_single_image-img attachment-full\" alt=\"\" title=\"naturais\" srcset=\"https:\/\/ferreicork.com\/wp-content\/uploads\/2020\/05\/naturais.jpg 360w, https:\/\/ferreicork.com\/wp-content\/uploads\/2020\/05\/naturais-300x217.jpg 300w\" sizes=\"auto, (max-width: 360px) 100vw, 360px\" \/><\/div>\n\t\t<\/figure>\n\t<\/div>\n\n\t<div class=\"wpb_text_column wpb_content_element\" >\n\t\t<div class=\"wpb_wrapper\">\n\t\t\t<h3><strong>Tapones Naturales<\/strong><\/h3>\n\n\t\t<\/div>\n\t<\/div>\n<div class=\"vc_empty_space\"   style=\"height: 5px\"><span class=\"vc_empty_space_inner\"><\/span><\/div>\n\t<div class=\"wpb_text_column wpb_content_element\" >\n\t\t<div class=\"wpb_wrapper\">\n\t\t\t<p style=\"text-align: justify;\">Los tapones de corcho natural son fabricados por brocado a partir de una pieza \u00fanica de corcho. Existen en forma cil\u00edndrica o c\u00f3nica y en varias dimensiones.<\/p>\n\n\t\t<\/div>\n\t<\/div>\n<\/div><\/div><\/div><div class=\"wpb_column vc_column_container col-sm-4\"><div class=\"vc_column-inner\"><div class=\"wpb_wrapper\">\n\t<div  class=\"wpb_single_image wpb_content_element vc_align_left\">\n\t\t\n\t\t<figure class=\"wpb_wrapper vc_figure\">\n\t\t\t<div class=\"vc_single_image-wrapper   vc_box_border_grey\"><img loading=\"lazy\" decoding=\"async\" width=\"360\" height=\"260\" src=\"https:\/\/ferreicork.com\/wp-content\/uploads\/2020\/05\/multi2.jpg\" class=\"vc_single_image-img attachment-full\" alt=\"\" title=\"multi2\" srcset=\"https:\/\/ferreicork.com\/wp-content\/uploads\/2020\/05\/multi2.jpg 360w, https:\/\/ferreicork.com\/wp-content\/uploads\/2020\/05\/multi2-300x217.jpg 300w\" sizes=\"auto, (max-width: 360px) 100vw, 360px\" \/><\/div>\n\t\t<\/figure>\n\t<\/div>\n\n\t<div class=\"wpb_text_column wpb_content_element\" >\n\t\t<div class=\"wpb_wrapper\">\n\t\t\t<h3><strong>Tapones Multipie<\/strong><\/h3>\n\n\t\t<\/div>\n\t<\/div>\n<div class=\"vc_empty_space\"   style=\"height: 5px\"><span class=\"vc_empty_space_inner\"><\/span><\/div>\n\t<div class=\"wpb_text_column wpb_content_element\" >\n\t\t<div class=\"wpb_wrapper\">\n\t\t\t<p style=\"text-align: justify;\">Los tapones naturales multipega se fabrican a partir de dos o m\u00e1s mitades de corcho natural pegadas entre s\u00ed a trav\u00e9s de una cola certificada para estar en contacto con alimentos.<\/p>\n\n\t\t<\/div>\n\t<\/div>\n<\/div><\/div><\/div><div class=\"wpb_column vc_column_container col-sm-4\"><div class=\"vc_column-inner\"><div class=\"wpb_wrapper\">\n\t<div  class=\"wpb_single_image wpb_content_element vc_align_left\">\n\t\t\n\t\t<figure class=\"wpb_wrapper vc_figure\">\n\t\t\t<div class=\"vc_single_image-wrapper   vc_box_border_grey\"><img loading=\"lazy\" decoding=\"async\" width=\"360\" height=\"260\" src=\"https:\/\/ferreicork.com\/wp-content\/uploads\/2020\/05\/col3.jpg\" class=\"vc_single_image-img attachment-full\" alt=\"\" title=\"col3\" srcset=\"https:\/\/ferreicork.com\/wp-content\/uploads\/2020\/05\/col3.jpg 360w, https:\/\/ferreicork.com\/wp-content\/uploads\/2020\/05\/col3-300x217.jpg 300w\" sizes=\"auto, (max-width: 360px) 100vw, 360px\" \/><\/div>\n\t\t<\/figure>\n\t<\/div>\n\n\t<div class=\"wpb_text_column wpb_content_element\" >\n\t\t<div class=\"wpb_wrapper\">\n\t\t\t<h3><strong>Tapones Colmatados<\/strong><\/h3>\n\n\t\t<\/div>\n\t<\/div>\n<div class=\"vc_empty_space\"   style=\"height: 5px\"><span class=\"vc_empty_space_inner\"><\/span><\/div>\n\t<div class=\"wpb_text_column wpb_content_element\" >\n\t\t<div class=\"wpb_wrapper\">\n\t\t\t<p style=\"text-align: justify;\">Los tapones colmatados son tapones de corcho natural con los poros (lenticelas) llenados exclusivamente con polvo de corcho resultante de la rectificaci\u00f3n de los tapones naturales.<\/p>\n\n\t\t<\/div>\n\t<\/div>\n<\/div><\/div><\/div><\/div><\/div><div class=\"container\"><div class=\"vc_row wpb_row vc_row-fluid\"><div class=\"wpb_column vc_column_container col-sm-12\"><div class=\"vc_column-inner\"><div class=\"wpb_wrapper\"><div class=\"vc_empty_space\"   style=\"height: 32px\"><span class=\"vc_empty_space_inner\"><\/span><\/div><\/div><\/div><\/div><\/div><\/div><div class=\"container\"><div class=\"vc_row wpb_row vc_row-fluid\"><div class=\"wpb_column vc_column_container col-sm-4\"><div class=\"vc_column-inner\"><div class=\"wpb_wrapper\">\n\t<div  class=\"wpb_single_image wpb_content_element vc_align_left\">\n\t\t\n\t\t<figure class=\"wpb_wrapper vc_figure\">\n\t\t\t<div class=\"vc_single_image-wrapper   vc_box_border_grey\"><img loading=\"lazy\" decoding=\"async\" width=\"360\" height=\"260\" src=\"https:\/\/ferreicork.com\/wp-content\/uploads\/2020\/05\/cham.jpg\" class=\"vc_single_image-img attachment-full\" alt=\"\" title=\"cham\" srcset=\"https:\/\/ferreicork.com\/wp-content\/uploads\/2020\/05\/cham.jpg 360w, https:\/\/ferreicork.com\/wp-content\/uploads\/2020\/05\/cham-300x217.jpg 300w\" sizes=\"auto, (max-width: 360px) 100vw, 360px\" \/><\/div>\n\t\t<\/figure>\n\t<\/div>\n\n\t<div class=\"wpb_text_column wpb_content_element\" >\n\t\t<div class=\"wpb_wrapper\">\n\t\t\t<h3><strong>Tapones de Champagne<br \/>\n<\/strong><\/h3>\n\n\t\t<\/div>\n\t<\/div>\n<div class=\"vc_empty_space\"   style=\"height: 5px\"><span class=\"vc_empty_space_inner\"><\/span><\/div>\n\t<div class=\"wpb_text_column wpb_content_element\" >\n\t\t<div class=\"wpb_wrapper\">\n\t\t\t<p style=\"text-align: justify;\">Como el nombre sugiere, son tapones especialmente dise\u00f1ados para vedar champ\u00e1n, vinos espumosos o vinos espumosos (gasificados) y sidra.<\/p>\n\n\t\t<\/div>\n\t<\/div>\n<\/div><\/div><\/div><div class=\"wpb_column vc_column_container col-sm-4\"><div class=\"vc_column-inner\"><div class=\"wpb_wrapper\">\n\t<div  class=\"wpb_single_image wpb_content_element vc_align_left\">\n\t\t\n\t\t<figure class=\"wpb_wrapper vc_figure\">\n\t\t\t<div class=\"vc_single_image-wrapper   vc_box_border_grey\"><img loading=\"lazy\" decoding=\"async\" width=\"360\" height=\"260\" src=\"https:\/\/ferreicork.com\/wp-content\/uploads\/2020\/05\/tec.jpg\" class=\"vc_single_image-img attachment-full\" alt=\"\" title=\"tec\" srcset=\"https:\/\/ferreicork.com\/wp-content\/uploads\/2020\/05\/tec.jpg 360w, https:\/\/ferreicork.com\/wp-content\/uploads\/2020\/05\/tec-300x217.jpg 300w\" sizes=\"auto, (max-width: 360px) 100vw, 360px\" \/><\/div>\n\t\t<\/figure>\n\t<\/div>\n\n\t<div class=\"wpb_text_column wpb_content_element\" >\n\t\t<div class=\"wpb_wrapper\">\n\t\t\t<h3><strong>Tapones T\u00e9cnicos<\/strong><\/h3>\n\n\t\t<\/div>\n\t<\/div>\n<div class=\"vc_empty_space\"   style=\"height: 5px\"><span class=\"vc_empty_space_inner\"><\/span><\/div>\n\t<div class=\"wpb_text_column wpb_content_element\" >\n\t\t<div class=\"wpb_wrapper\">\n\t\t\t<p style=\"text-align: justify;\"><span>Los tapones t\u00e9cnicos est\u00e1n dise\u00f1ados para embotellar vinos destinados a ser consumidos, en general, en un plazo de 2 a 3 a\u00f1os. Son constituidas por un cuerpo de corcho aglomerado muy denso con discos de corcho natural.<\/span><\/p>\n\n\t\t<\/div>\n\t<\/div>\n<\/div><\/div><\/div><div class=\"wpb_column vc_column_container col-sm-4\"><div class=\"vc_column-inner\"><div class=\"wpb_wrapper\">\n\t<div  class=\"wpb_single_image wpb_content_element vc_align_left\">\n\t\t\n\t\t<figure class=\"wpb_wrapper vc_figure\">\n\t\t\t<div class=\"vc_single_image-wrapper   vc_box_border_grey\"><img loading=\"lazy\" decoding=\"async\" width=\"360\" height=\"260\" src=\"https:\/\/ferreicork.com\/wp-content\/uploads\/2020\/05\/mic.jpg\" class=\"vc_single_image-img attachment-full\" alt=\"\" title=\"mic\" srcset=\"https:\/\/ferreicork.com\/wp-content\/uploads\/2020\/05\/mic.jpg 360w, https:\/\/ferreicork.com\/wp-content\/uploads\/2020\/05\/mic-300x217.jpg 300w\" sizes=\"auto, (max-width: 360px) 100vw, 360px\" \/><\/div>\n\t\t<\/figure>\n\t<\/div>\n\n\t<div class=\"wpb_text_column wpb_content_element\" >\n\t\t<div class=\"wpb_wrapper\">\n\t\t\t<h3><strong>Tapones Micro Granulados<br \/>\n<\/strong><\/h3>\n\n\t\t<\/div>\n\t<\/div>\n<div class=\"vc_empty_space\"   style=\"height: 5px\"><span class=\"vc_empty_space_inner\"><\/span><\/div>\n\t<div class=\"wpb_text_column wpb_content_element\" >\n\t\t<div class=\"wpb_wrapper\">\n\t\t\t<p style=\"text-align: justify;\"><span>Los tapones micro granulados son tapones de la nueva generaci\u00f3n con un cuerpo de corcho aglomerado de granolometr\u00eda espec\u00edfica. Estos gr\u00e1nulos se pegan entre s\u00ed a trav\u00e9s de un adhesivo aprobado para contacto con alimentos.<\/span><\/p>\n\n\t\t<\/div>\n\t<\/div>\n<\/div><\/div><\/div><\/div><\/div><div class=\"container\"><div class=\"vc_row wpb_row vc_row-fluid\"><div class=\"wpb_column vc_column_container col-sm-12\"><div class=\"vc_column-inner\"><div class=\"wpb_wrapper\"><div class=\"vc_empty_space\"   style=\"height: 32px\"><span class=\"vc_empty_space_inner\"><\/span><\/div><\/div><\/div><\/div><\/div><\/div><div class=\"container\"><div class=\"vc_row wpb_row vc_row-fluid\"><div class=\"wpb_column vc_column_container col-sm-4\"><div class=\"vc_column-inner\"><div class=\"wpb_wrapper\">\n\t<div  class=\"wpb_single_image wpb_content_element vc_align_left\">\n\t\t\n\t\t<figure class=\"wpb_wrapper vc_figure\">\n\t\t\t<div class=\"vc_single_image-wrapper   vc_box_border_grey\"><img loading=\"lazy\" decoding=\"async\" width=\"360\" height=\"260\" src=\"https:\/\/ferreicork.com\/wp-content\/uploads\/2020\/05\/agl.jpg\" class=\"vc_single_image-img attachment-full\" alt=\"\" title=\"agl\" srcset=\"https:\/\/ferreicork.com\/wp-content\/uploads\/2020\/05\/agl.jpg 360w, https:\/\/ferreicork.com\/wp-content\/uploads\/2020\/05\/agl-300x217.jpg 300w\" sizes=\"auto, (max-width: 360px) 100vw, 360px\" \/><\/div>\n\t\t<\/figure>\n\t<\/div>\n\n\t<div class=\"wpb_text_column wpb_content_element\" >\n\t\t<div class=\"wpb_wrapper\">\n\t\t\t<h3><strong>Tapones Tableros<br \/>\n<\/strong><\/h3>\n\n\t\t<\/div>\n\t<\/div>\n<div class=\"vc_empty_space\"   style=\"height: 5px\"><span class=\"vc_empty_space_inner\"><\/span><\/div>\n\t<div class=\"wpb_text_column wpb_content_element\" >\n\t\t<div class=\"wpb_wrapper\">\n\t\t\t<p style=\"text-align: justify;\">Tapones totalmente fabricados a partir de granulados de corcho procedentes de subproductos resultantes de la producci\u00f3n de tapones naturales. Pueden ser fabricadas por moldeo individual o por extrusi\u00f3n.<\/p>\n\n\t\t<\/div>\n\t<\/div>\n<\/div><\/div><\/div><div class=\"wpb_column vc_column_container col-sm-4\"><div class=\"vc_column-inner\"><div class=\"wpb_wrapper\">\n\t<div  class=\"wpb_single_image wpb_content_element vc_align_left\">\n\t\t\n\t\t<figure class=\"wpb_wrapper vc_figure\">\n\t\t\t<div class=\"vc_single_image-wrapper   vc_box_border_grey\"><img loading=\"lazy\" decoding=\"async\" width=\"360\" height=\"260\" src=\"https:\/\/ferreicork.com\/wp-content\/uploads\/2020\/05\/personalizadas-1.jpg\" class=\"vc_single_image-img attachment-full\" alt=\"\" title=\"personalizadas\" srcset=\"https:\/\/ferreicork.com\/wp-content\/uploads\/2020\/05\/personalizadas-1.jpg 360w, https:\/\/ferreicork.com\/wp-content\/uploads\/2020\/05\/personalizadas-1-300x217.jpg 300w\" sizes=\"auto, (max-width: 360px) 100vw, 360px\" \/><\/div>\n\t\t<\/figure>\n\t<\/div>\n\n\t<div class=\"wpb_text_column wpb_content_element\" >\n\t\t<div class=\"wpb_wrapper\">\n\t\t\t<h3><strong>Tapones de goma (Bartops)<\/strong><\/h3>\n\n\t\t<\/div>\n\t<\/div>\n<div class=\"vc_empty_space\"   style=\"height: 5px\"><span class=\"vc_empty_space_inner\"><\/span><\/div>\n\t<div class=\"wpb_text_column wpb_content_element\" >\n\t\t<div class=\"wpb_wrapper\">\n\t\t\t<p style=\"text-align: justify;\"><span>Es un tap\u00f3n de corcho cuya parte superior se coloca una c\u00e1psula de madera, PVC, porcelana, metal, vidrio u otros materiales. Se utiliza generalmente en vinos licorosos \/ generosos o en bebidas espirituosas que cuando salen al mercado est\u00e1n listos para ser consumidos.<\/span><\/p>\n\n\t\t<\/div>\n\t<\/div>\n<\/div><\/div><\/div><div class=\"wpb_column vc_column_container col-sm-4\"><div class=\"vc_column-inner\"><div class=\"wpb_wrapper\">\n\t<div  class=\"wpb_single_image wpb_content_element vc_align_left\">\n\t\t\n\t\t<figure class=\"wpb_wrapper vc_figure\">\n\t\t\t<div class=\"vc_single_image-wrapper   vc_box_border_grey\"><img loading=\"lazy\" decoding=\"async\" width=\"360\" height=\"260\" src=\"https:\/\/ferreicork.com\/wp-content\/uploads\/2020\/05\/personalizadas.jpg\" class=\"vc_single_image-img attachment-full\" alt=\"\" title=\"personalizadas\" srcset=\"https:\/\/ferreicork.com\/wp-content\/uploads\/2020\/05\/personalizadas.jpg 360w, https:\/\/ferreicork.com\/wp-content\/uploads\/2020\/05\/personalizadas-300x217.jpg 300w\" sizes=\"auto, (max-width: 360px) 100vw, 360px\" \/><\/div>\n\t\t<\/figure>\n\t<\/div>\n\n\t<div class=\"wpb_text_column wpb_content_element\" >\n\t\t<div class=\"wpb_wrapper\">\n\t\t\t<h3><strong>Tapones personalizados<\/strong><\/h3>\n\n\t\t<\/div>\n\t<\/div>\n<div class=\"vc_empty_space\"   style=\"height: 5px\"><span class=\"vc_empty_space_inner\"><\/span><\/div>\n\t<div class=\"wpb_text_column wpb_content_element\" >\n\t\t<div class=\"wpb_wrapper\">\n\t\t\t<p style=\"text-align: justify;\" class=\"translation-block\">Tap\u00f3n personalizado a medida y la imagen del cliente. <br>\nEsto puede tomar forma y dimensiones fuera del est\u00e1ndar, de acuerdo con los criterios definidos y la especificidad.<\/p>\n<p style=\"text-align: justify;\"><a href=\"https:\/\/ferreicork.com\/es\/especialidades\/\">Obtenga m\u00e1s informaci\u00f3n sobre este tap\u00f3n<\/a><\/p>\n\n\t\t<\/div>\n\t<\/div>\n<\/div><\/div><\/div><\/div><\/div><div class=\"container\"><div class=\"vc_row wpb_row vc_row-fluid\"><div class=\"wpb_column vc_column_container col-sm-12\"><div class=\"vc_column-inner\"><div class=\"wpb_wrapper\"><div class=\"vc_empty_space\"   style=\"height: 32px\"><span class=\"vc_empty_space_inner\"><\/span><\/div><\/div><\/div><\/div><\/div><\/div><div data-vc-full-width=\"true\" data-vc-full-width-init=\"false\" data-vc-parallax=\"1.5\" data-vc-parallax-image=\"https:\/\/ferreicork.com\/wp-content\/uploads\/2020\/05\/parallax2.jpg\" class=\"vc_row wpb_row vc_row-fluid vc_row-has-fill vc_general vc_parallax vc_parallax-content-moving\"><div class=\"wpb_column vc_column_container col-sm-12\"><div class=\"vc_column-inner\"><div class=\"wpb_wrapper\"><div class=\"vc_empty_space\"   style=\"height: 300px\"><span class=\"vc_empty_space_inner\"><\/span><\/div><\/div><\/div><\/div><\/div><div class=\"vc_row-full-width vc_clearfix\"><\/div>","protected":false},"excerpt":{"rendered":"Paix\u00e3o, sob a forma de Rolha Rolhas Naturais As rolhas de corti\u00e7a natural s\u00e3o fabricadas por brocagem a partir de uma pe\u00e7a...","protected":false},"author":1,"featured_media":0,"parent":0,"menu_order":0,"comment_status":"closed","ping_status":"closed","template":"","meta":{"footnotes":""},"class_list":["post-14","page","type-page","status-publish","hentry"],"_links":{"self":[{"href":"https:\/\/ferreicork.com\/es\/wp-json\/wp\/v2\/pages\/14","targetHints":{"allow":["GET"]}}],"collection":[{"href":"https:\/\/ferreicork.com\/es\/wp-json\/wp\/v2\/pages"}],"about":[{"href":"https:\/\/ferreicork.com\/es\/wp-json\/wp\/v2\/types\/page"}],"author":[{"embeddable":true,"href":"https:\/\/ferreicork.com\/es\/wp-json\/wp\/v2\/users\/1"}],"replies":[{"embeddable":true,"href":"https:\/\/ferreicork.com\/es\/wp-json\/wp\/v2\/comments?post=14"}],"version-history":[{"count":5,"href":"https:\/\/ferreicork.com\/es\/wp-json\/wp\/v2\/pages\/14\/revisions"}],"predecessor-version":[{"id":3223,"href":"https:\/\/ferreicork.com\/es\/wp-json\/wp\/v2\/pages\/14\/revisions\/3223"}],"wp:attachment":[{"href":"https:\/\/ferreicork.com\/es\/wp-json\/wp\/v2\/media?parent=14"}],"curies":[{"name":"wp","href":"https:\/\/api.w.org\/{rel}","templated":true}]}}