{"id":12,"date":"2020-04-28T18:22:58","date_gmt":"2020-04-28T18:22:58","guid":{"rendered":"https:\/\/ferreicork.com\/?page_id=12"},"modified":"2020-05-10T14:37:57","modified_gmt":"2020-05-10T14:37:57","slug":"a-origem","status":"publish","type":"page","link":"https:\/\/ferreicork.com\/es\/a-origem\/","title":{"rendered":"La origen"},"content":{"rendered":"<section class=\"height-100 cover height-90 imagebg parallax\" data-overlay=\"4\" >\n\t\t\t\t<div class=\"background-image-holder\">\n\t\t\t\t\t<img loading=\"lazy\" decoding=\"async\" width=\"1920\" height=\"700\" src=\"https:\/\/ferreicork.com\/wp-content\/uploads\/2020\/05\/enquadramento.jpg\" class=\"attachment-full size-full\" alt=\"\" srcset=\"https:\/\/ferreicork.com\/wp-content\/uploads\/2020\/05\/enquadramento.jpg 1920w, https:\/\/ferreicork.com\/wp-content\/uploads\/2020\/05\/enquadramento-300x109.jpg 300w, https:\/\/ferreicork.com\/wp-content\/uploads\/2020\/05\/enquadramento-1024x373.jpg 1024w, https:\/\/ferreicork.com\/wp-content\/uploads\/2020\/05\/enquadramento-768x280.jpg 768w, https:\/\/ferreicork.com\/wp-content\/uploads\/2020\/05\/enquadramento-1536x560.jpg 1536w\" sizes=\"auto, (max-width: 1920px) 100vw, 1920px\" \/>\n\t\t\t\t<\/div>\n\t\t\t\t<div class=\"container pos-vertical-center\">\n\t\t\t\t\t<div class=\"row\">\n\t\t\t\t\t\t<div class=\"col-sm-12\"><div class=\"row vc_row wpb_row vc_inner vc_row-fluid\"><div class=\"wpb_column vc_column_container col-sm-6\"><div class=\"vc_column-inner\"><div class=\"wpb_wrapper\"><\/div><\/div><\/div><div class=\"wpb_column vc_column_container col-sm-6\"><div class=\"vc_column-inner\"><div class=\"wpb_wrapper\">\n\t<div class=\"wpb_text_column wpb_content_element\" >\n\t\t<div class=\"wpb_wrapper\">\n\t\t\t<h1 style=\"text-align: justify;\" class=\"translation-block\">El corcho es un tejido vegetal 100% natural. M\u00e1s que El 50% de su volumen es aire, lo que la hace muy leve.<\/h1>\n\n\t\t<\/div>\n\t<\/div>\n<\/div><\/div><\/div><\/div><\/div>\n\t\t\t\t\t<\/div><!--end of row-->\n\t\t\t\t<\/div><!--end of container-->\n\t\t\t\t\n\t\t\t<\/section>\n\t\t<div class=\"vc_row-full-width vc_clearfix\"><\/div><div data-vc-full-width=\"true\" data-vc-full-width-init=\"false\" class=\"vc_row wpb_row vc_row-fluid\"><div class=\"wpb_column vc_column_container col-sm-12\"><div class=\"vc_column-inner\"><div class=\"wpb_wrapper\">\n\t\t\t<section class=\"bg--secondary switchable--switch space--xs imageblock switchable feature-large\">\n\t\t\t    <div class=\"imageblock__content col-md-5 col-sm-4 pos-right\">\n\t\t\t        <div class=\"background-image-holder\"><img loading=\"lazy\" decoding=\"async\" width=\"1062\" height=\"1062\" src=\"https:\/\/ferreicork.com\/wp-content\/uploads\/2020\/05\/enquadramento5.jpg\" class=\"attachment-full size-full\" alt=\"\" srcset=\"https:\/\/ferreicork.com\/wp-content\/uploads\/2020\/05\/enquadramento5.jpg 1062w, https:\/\/ferreicork.com\/wp-content\/uploads\/2020\/05\/enquadramento5-300x300.jpg 300w, https:\/\/ferreicork.com\/wp-content\/uploads\/2020\/05\/enquadramento5-1024x1024.jpg 1024w, https:\/\/ferreicork.com\/wp-content\/uploads\/2020\/05\/enquadramento5-150x150.jpg 150w, https:\/\/ferreicork.com\/wp-content\/uploads\/2020\/05\/enquadramento5-768x768.jpg 768w, https:\/\/ferreicork.com\/wp-content\/uploads\/2020\/05\/enquadramento5-60x60.jpg 60w\" sizes=\"auto, (max-width: 1062px) 100vw, 1062px\" \/><\/div>\n\t\t\t    <\/div>\n\t\t\t    <div class=\"container\">\n\t\t\t        <div class=\"row\">\n\t\t\t            <div class=\"col-md-5 col-sm-7\"><div class=\"row vc_row wpb_row vc_inner vc_row-fluid\"><div class=\"wpb_column vc_column_container col-sm-12\"><div class=\"vc_column-inner\"><div class=\"wpb_wrapper\">\n\t<div  class=\"wpb_single_image wpb_content_element vc_align_left\">\n\t\t\n\t\t<figure class=\"wpb_wrapper vc_figure\">\n\t\t\t<div class=\"vc_single_image-wrapper vc_box_circle  vc_box_border_grey\"><img loading=\"lazy\" decoding=\"async\" width=\"300\" height=\"300\" src=\"https:\/\/ferreicork.com\/wp-content\/uploads\/2020\/05\/cork1.jpg\" class=\"vc_single_image-img attachment-full\" alt=\"\" title=\"cork1\" srcset=\"https:\/\/ferreicork.com\/wp-content\/uploads\/2020\/05\/cork1.jpg 300w, https:\/\/ferreicork.com\/wp-content\/uploads\/2020\/05\/cork1-150x150.jpg 150w, https:\/\/ferreicork.com\/wp-content\/uploads\/2020\/05\/cork1-60x60.jpg 60w\" sizes=\"auto, (max-width: 300px) 100vw, 300px\" \/><\/div>\n\t\t<\/figure>\n\t<\/div>\n\n\t<div class=\"wpb_text_column wpb_content_element\" >\n\t\t<div class=\"wpb_wrapper\">\n\t\t\t<h1>Corcho<\/h1>\n\n\t\t<\/div>\n\t<\/div>\n\n\t<div class=\"wpb_text_column wpb_content_element\" >\n\t\t<div class=\"wpb_wrapper\">\n\t\t\t<h4 style=\"text-align: justify;\"><span>El corcho es la corteza del alcornoque. Es un tejido vegetal 100% natural y est\u00e1 constituido por una colmena de c\u00e9lulas microsc\u00f3picas que tienen un gas id\u00e9ntico al aire y revestidas sobre todo por suberina y lignina.<\/span><\/h4>\n\n\t\t<\/div>\n\t<\/div>\n<div class=\"vc_empty_space\"   style=\"height: 20px\"><span class=\"vc_empty_space_inner\"><\/span><\/div><\/div><\/div><\/div><\/div><div class=\"row vc_row wpb_row vc_inner vc_row-fluid\"><div class=\"wpb_column vc_column_container col-sm-12\"><div class=\"vc_column-inner\"><div class=\"wpb_wrapper\">\n\t<div  class=\"wpb_single_image wpb_content_element vc_align_left\">\n\t\t\n\t\t<figure class=\"wpb_wrapper vc_figure\">\n\t\t\t<div class=\"vc_single_image-wrapper vc_box_circle  vc_box_border_grey\"><img loading=\"lazy\" decoding=\"async\" width=\"300\" height=\"300\" src=\"https:\/\/ferreicork.com\/wp-content\/uploads\/2020\/05\/cork2.jpg\" class=\"vc_single_image-img attachment-full\" alt=\"\" title=\"cork2\" srcset=\"https:\/\/ferreicork.com\/wp-content\/uploads\/2020\/05\/cork2.jpg 300w, https:\/\/ferreicork.com\/wp-content\/uploads\/2020\/05\/cork2-150x150.jpg 150w, https:\/\/ferreicork.com\/wp-content\/uploads\/2020\/05\/cork2-60x60.jpg 60w\" sizes=\"auto, (max-width: 300px) 100vw, 300px\" \/><\/div>\n\t\t<\/figure>\n\t<\/div>\n\n\t<div class=\"wpb_text_column wpb_content_element\" >\n\t\t<div class=\"wpb_wrapper\">\n\t\t\t<h1>100% Reciclable<\/h1>\n\n\t\t<\/div>\n\t<\/div>\n\n\t<div class=\"wpb_text_column wpb_content_element\" >\n\t\t<div class=\"wpb_wrapper\">\n\t\t\t<h4 style=\"text-align: justify;\"><span>Los tapones de corcho se pueden reciclar mediante trituraci\u00f3n. El granulado resultante de este proceso puede ser utilizado en otros productos como, por ejemplo, suelas de zapatos, paneles de revestimiento, boyas de pesca.<\/span><\/h4>\n\n\t\t<\/div>\n\t<\/div>\n<div class=\"vc_empty_space\"   style=\"height: 20px\"><span class=\"vc_empty_space_inner\"><\/span><\/div><\/div><\/div><\/div><\/div><div class=\"row vc_row wpb_row vc_inner vc_row-fluid\"><div class=\"wpb_column vc_column_container col-sm-12\"><div class=\"vc_column-inner\"><div class=\"wpb_wrapper\">\n\t<div  class=\"wpb_single_image wpb_content_element vc_align_left\">\n\t\t\n\t\t<figure class=\"wpb_wrapper vc_figure\">\n\t\t\t<div class=\"vc_single_image-wrapper vc_box_circle  vc_box_border_grey\"><img loading=\"lazy\" decoding=\"async\" width=\"300\" height=\"300\" src=\"https:\/\/ferreicork.com\/wp-content\/uploads\/2020\/05\/cork4.jpg\" class=\"vc_single_image-img attachment-full\" alt=\"\" title=\"cork4\" srcset=\"https:\/\/ferreicork.com\/wp-content\/uploads\/2020\/05\/cork4.jpg 300w, https:\/\/ferreicork.com\/wp-content\/uploads\/2020\/05\/cork4-150x150.jpg 150w, https:\/\/ferreicork.com\/wp-content\/uploads\/2020\/05\/cork4-60x60.jpg 60w\" sizes=\"auto, (max-width: 300px) 100vw, 300px\" \/><\/div>\n\t\t<\/figure>\n\t<\/div>\n\n\t<div class=\"wpb_text_column wpb_content_element\" >\n\t\t<div class=\"wpb_wrapper\">\n\t\t\t<h1>Huella neutral<\/h1>\n\n\t\t<\/div>\n\t<\/div>\n\n\t<div class=\"wpb_text_column wpb_content_element\" >\n\t\t<div class=\"wpb_wrapper\">\n\t\t\t<h4 style=\"text-align: justify;\"><span>Es una materia prima 100% natural, 100% reutilizable y 100% reciclable extra\u00edda de los alcornoques sin nunca perjudicar el normal desarrollo de la especie y sin da\u00f1ar el \u00e1rbol.<\/span><\/h4>\n\n\t\t<\/div>\n\t<\/div>\n<\/div><\/div><\/div><\/div><\/div>\n\t\t\t        <\/div><!--end of row-->\n\t\t\t    <\/div><!--end of container-->\n\t\t\t<\/section>\n\t\t<\/div><\/div><\/div><\/div><div class=\"vc_row-full-width vc_clearfix\"><\/div>","protected":false},"excerpt":{"rendered":"A corti\u00e7a \u00e9 um tecido vegetal 100% natural. Mais de 50% do seu volume \u00e9 ar, o que a torna muito leve....","protected":false},"author":1,"featured_media":0,"parent":0,"menu_order":0,"comment_status":"closed","ping_status":"closed","template":"","meta":{"footnotes":""},"class_list":["post-12","page","type-page","status-publish","hentry"],"_links":{"self":[{"href":"https:\/\/ferreicork.com\/es\/wp-json\/wp\/v2\/pages\/12","targetHints":{"allow":["GET"]}}],"collection":[{"href":"https:\/\/ferreicork.com\/es\/wp-json\/wp\/v2\/pages"}],"about":[{"href":"https:\/\/ferreicork.com\/es\/wp-json\/wp\/v2\/types\/page"}],"author":[{"embeddable":true,"href":"https:\/\/ferreicork.com\/es\/wp-json\/wp\/v2\/users\/1"}],"replies":[{"embeddable":true,"href":"https:\/\/ferreicork.com\/es\/wp-json\/wp\/v2\/comments?post=12"}],"version-history":[{"count":5,"href":"https:\/\/ferreicork.com\/es\/wp-json\/wp\/v2\/pages\/12\/revisions"}],"predecessor-version":[{"id":3221,"href":"https:\/\/ferreicork.com\/es\/wp-json\/wp\/v2\/pages\/12\/revisions\/3221"}],"wp:attachment":[{"href":"https:\/\/ferreicork.com\/es\/wp-json\/wp\/v2\/media?parent=12"}],"curies":[{"name":"wp","href":"https:\/\/api.w.org\/{rel}","templated":true}]}}