{"id":10,"date":"2020-04-28T18:22:13","date_gmt":"2020-04-28T18:22:13","guid":{"rendered":"https:\/\/ferreicork.com\/?page_id=10"},"modified":"2020-05-07T17:56:41","modified_gmt":"2020-05-07T17:56:41","slug":"qualidade","status":"publish","type":"page","link":"https:\/\/ferreicork.com\/es\/qualidade\/","title":{"rendered":"Calidad"},"content":{"rendered":"<section class=\"height-100 cover height-90 imagebg parallax\" data-overlay=\"4\" >\n\t\t\t\t<div class=\"background-image-holder\">\n\t\t\t\t\t<img loading=\"lazy\" decoding=\"async\" width=\"1920\" height=\"700\" src=\"https:\/\/ferreicork.com\/wp-content\/uploads\/2020\/04\/lab2.jpg\" class=\"attachment-full size-full\" alt=\"\" srcset=\"https:\/\/ferreicork.com\/wp-content\/uploads\/2020\/04\/lab2.jpg 1920w, https:\/\/ferreicork.com\/wp-content\/uploads\/2020\/04\/lab2-300x109.jpg 300w, https:\/\/ferreicork.com\/wp-content\/uploads\/2020\/04\/lab2-1024x373.jpg 1024w, https:\/\/ferreicork.com\/wp-content\/uploads\/2020\/04\/lab2-768x280.jpg 768w, https:\/\/ferreicork.com\/wp-content\/uploads\/2020\/04\/lab2-1536x560.jpg 1536w\" sizes=\"auto, (max-width: 1920px) 100vw, 1920px\" \/>\n\t\t\t\t<\/div>\n\t\t\t\t<div class=\"container pos-vertical-center\">\n\t\t\t\t\t<div class=\"row\">\n\t\t\t\t\t\t<div class=\"col-sm-12\"><div class=\"row vc_row wpb_row vc_inner vc_row-fluid\"><div class=\"wpb_column vc_column_container col-sm-6\"><div class=\"vc_column-inner\"><div class=\"wpb_wrapper\"><\/div><\/div><\/div><div class=\"wpb_column vc_column_container col-sm-6\"><div class=\"vc_column-inner\"><div class=\"wpb_wrapper\">\n\t<div class=\"wpb_text_column wpb_content_element\" >\n\t\t<div class=\"wpb_wrapper\">\n\t\t\t<h1>Laboratorio<\/h1>\n<h4 style=\"text-align: justify;\">El trabajo de nuestro laboratorio y de sus t\u00e9cnicos especializados es esencial para la calidad de todo lo que hacemos. Hay un conjunto de ensayos y an\u00e1lisis que nuestro laboratorio hace a lo largo del proceso de fabricaci\u00f3n de nuestros tapones que son determinantes para las garant\u00edas y calidad final.<\/h4>\n\n\t\t<\/div>\n\t<\/div>\n<\/div><\/div><\/div><\/div><\/div>\n\t\t\t\t\t<\/div><!--end of row-->\n\t\t\t\t<\/div><!--end of container-->\n\t\t\t\t\n\t\t\t<\/section>\n\t\t<div class=\"vc_row-full-width vc_clearfix\"><\/div><section class=\"bg--grey\" ><div class=\"container\"><div class=\"vc_row wpb_row vc_row-fluid\"><div class=\"wpb_column vc_column_container col-sm-6\"><div class=\"vc_column-inner\"><div class=\"wpb_wrapper\">\n\t<div class=\"wpb_text_column wpb_content_element\" >\n\t\t<div class=\"wpb_wrapper\">\n\t\t\t<h4 style=\"text-align: justify;\"><strong>DIMENSIONES | HUMEDAD | MASA VOLUMEN<\/strong><br \/>\nDeterminaci\u00f3n de las dimensiones, humedad, ovalidad y de la masa volum\u00e9trica aparente de los tapones.<\/h4>\n<h4 style=\"text-align: justify;\"><strong>DETERMINACI\u00d3N DE LA FUERZA DE EXTRACCI\u00d3N<\/strong><br \/>\nEvaluaci\u00f3n de la fuerza necesaria para retirar un tap\u00f3n de una botella, por simulaci\u00f3n en condiciones definidas, del arrollamiento y de la marcha.<\/h4>\n<h4 style=\"text-align: justify;\"><strong>COMPORTAMIENTO DE LA VENDA<\/strong><br \/>\nSimulaci\u00f3n del arrollamiento en tubos cil\u00edndricos a los que se aplican diferentes presiones internas; verificaci\u00f3n del comportamiento de los tapones al sello, en estas condiciones.<\/h4>\n<h4 style=\"text-align: justify;\"><strong>AN\u00c1LISIS SENSORIAL<\/strong><br \/>\nDetecci\u00f3n y calificaci\u00f3n olfativa de los aromas presentes en los tapones.<\/h4>\n<h4 style=\"text-align: justify;\"><strong>CONTROL DE TCA<\/strong><\/h4>\n\n\t\t<\/div>\n\t<\/div>\n<\/div><\/div><\/div><div class=\"wpb_column vc_column_container col-sm-6\"><div class=\"vc_column-inner\"><div class=\"wpb_wrapper\"><div class=\"row vc_row wpb_row vc_inner vc_row-fluid\"><div class=\"wpb_column vc_column_container col-sm-4\"><div class=\"vc_column-inner\"><div class=\"wpb_wrapper\">\n\t<div  class=\"wpb_single_image wpb_content_element vc_align_left\">\n\t\t\n\t\t<figure class=\"wpb_wrapper vc_figure\">\n\t\t\t<div class=\"vc_single_image-wrapper vc_box_rounded  vc_box_border_grey\"><img loading=\"lazy\" decoding=\"async\" width=\"330\" height=\"330\" src=\"https:\/\/ferreicork.com\/wp-content\/uploads\/2020\/04\/lab2-1.jpg\" class=\"vc_single_image-img attachment-full\" alt=\"\" title=\"lab2\" srcset=\"https:\/\/ferreicork.com\/wp-content\/uploads\/2020\/04\/lab2-1.jpg 330w, https:\/\/ferreicork.com\/wp-content\/uploads\/2020\/04\/lab2-1-300x300.jpg 300w, https:\/\/ferreicork.com\/wp-content\/uploads\/2020\/04\/lab2-1-150x150.jpg 150w, https:\/\/ferreicork.com\/wp-content\/uploads\/2020\/04\/lab2-1-60x60.jpg 60w\" sizes=\"auto, (max-width: 330px) 100vw, 330px\" \/><\/div>\n\t\t<\/figure>\n\t<\/div>\n<\/div><\/div><\/div><div class=\"wpb_column vc_column_container col-sm-4\"><div class=\"vc_column-inner\"><div class=\"wpb_wrapper\">\n\t<div  class=\"wpb_single_image wpb_content_element vc_align_left\">\n\t\t\n\t\t<figure class=\"wpb_wrapper vc_figure\">\n\t\t\t<div class=\"vc_single_image-wrapper vc_box_rounded  vc_box_border_grey\"><img loading=\"lazy\" decoding=\"async\" width=\"330\" height=\"330\" src=\"https:\/\/ferreicork.com\/wp-content\/uploads\/2020\/04\/lab4.jpg\" class=\"vc_single_image-img attachment-full\" alt=\"\" title=\"lab4\" srcset=\"https:\/\/ferreicork.com\/wp-content\/uploads\/2020\/04\/lab4.jpg 330w, https:\/\/ferreicork.com\/wp-content\/uploads\/2020\/04\/lab4-300x300.jpg 300w, https:\/\/ferreicork.com\/wp-content\/uploads\/2020\/04\/lab4-150x150.jpg 150w, https:\/\/ferreicork.com\/wp-content\/uploads\/2020\/04\/lab4-60x60.jpg 60w\" sizes=\"auto, (max-width: 330px) 100vw, 330px\" \/><\/div>\n\t\t<\/figure>\n\t<\/div>\n<\/div><\/div><\/div><div class=\"wpb_column vc_column_container col-sm-4\"><div class=\"vc_column-inner\"><div class=\"wpb_wrapper\">\n\t<div  class=\"wpb_single_image wpb_content_element vc_align_left\">\n\t\t\n\t\t<figure class=\"wpb_wrapper vc_figure\">\n\t\t\t<div class=\"vc_single_image-wrapper vc_box_rounded  vc_box_border_grey\"><img loading=\"lazy\" decoding=\"async\" width=\"330\" height=\"330\" src=\"https:\/\/ferreicork.com\/wp-content\/uploads\/2020\/04\/lab3.jpg\" class=\"vc_single_image-img attachment-full\" alt=\"\" title=\"lab3\" srcset=\"https:\/\/ferreicork.com\/wp-content\/uploads\/2020\/04\/lab3.jpg 330w, https:\/\/ferreicork.com\/wp-content\/uploads\/2020\/04\/lab3-300x300.jpg 300w, https:\/\/ferreicork.com\/wp-content\/uploads\/2020\/04\/lab3-150x150.jpg 150w, https:\/\/ferreicork.com\/wp-content\/uploads\/2020\/04\/lab3-60x60.jpg 60w\" sizes=\"auto, (max-width: 330px) 100vw, 330px\" \/><\/div>\n\t\t<\/figure>\n\t<\/div>\n<\/div><\/div><\/div><\/div><div class=\"row vc_row wpb_row vc_inner vc_row-fluid\"><div class=\"wpb_column vc_column_container col-sm-12\"><div class=\"vc_column-inner\"><div class=\"wpb_wrapper\"><div class=\"vc_empty_space\"   style=\"height: 32px\"><span class=\"vc_empty_space_inner\"><\/span><\/div><\/div><\/div><\/div><\/div><div class=\"row vc_row wpb_row vc_inner vc_row-fluid\"><div class=\"wpb_column vc_column_container col-sm-4\"><div class=\"vc_column-inner\"><div class=\"wpb_wrapper\">\n\t<div  class=\"wpb_single_image wpb_content_element vc_align_left\">\n\t\t\n\t\t<figure class=\"wpb_wrapper vc_figure\">\n\t\t\t<div class=\"vc_single_image-wrapper vc_box_rounded  vc_box_border_grey\"><img loading=\"lazy\" decoding=\"async\" width=\"330\" height=\"330\" src=\"https:\/\/ferreicork.com\/wp-content\/uploads\/2020\/04\/lab5.jpg\" class=\"vc_single_image-img attachment-full\" alt=\"\" title=\"lab5\" srcset=\"https:\/\/ferreicork.com\/wp-content\/uploads\/2020\/04\/lab5.jpg 330w, https:\/\/ferreicork.com\/wp-content\/uploads\/2020\/04\/lab5-300x300.jpg 300w, https:\/\/ferreicork.com\/wp-content\/uploads\/2020\/04\/lab5-150x150.jpg 150w, https:\/\/ferreicork.com\/wp-content\/uploads\/2020\/04\/lab5-60x60.jpg 60w\" sizes=\"auto, (max-width: 330px) 100vw, 330px\" \/><\/div>\n\t\t<\/figure>\n\t<\/div>\n<\/div><\/div><\/div><div class=\"wpb_column vc_column_container col-sm-4\"><div class=\"vc_column-inner\"><div class=\"wpb_wrapper\">\n\t<div  class=\"wpb_single_image wpb_content_element vc_align_left\">\n\t\t\n\t\t<figure class=\"wpb_wrapper vc_figure\">\n\t\t\t<div class=\"vc_single_image-wrapper vc_box_rounded  vc_box_border_grey\"><img loading=\"lazy\" decoding=\"async\" width=\"330\" height=\"330\" src=\"https:\/\/ferreicork.com\/wp-content\/uploads\/2020\/04\/lab1.jpg\" class=\"vc_single_image-img attachment-full\" alt=\"\" title=\"lab1\" srcset=\"https:\/\/ferreicork.com\/wp-content\/uploads\/2020\/04\/lab1.jpg 330w, https:\/\/ferreicork.com\/wp-content\/uploads\/2020\/04\/lab1-300x300.jpg 300w, https:\/\/ferreicork.com\/wp-content\/uploads\/2020\/04\/lab1-150x150.jpg 150w, https:\/\/ferreicork.com\/wp-content\/uploads\/2020\/04\/lab1-60x60.jpg 60w\" sizes=\"auto, (max-width: 330px) 100vw, 330px\" \/><\/div>\n\t\t<\/figure>\n\t<\/div>\n<\/div><\/div><\/div><div class=\"wpb_column vc_column_container col-sm-4\"><div class=\"vc_column-inner\"><div class=\"wpb_wrapper\">\n\t<div  class=\"wpb_single_image wpb_content_element vc_align_left\">\n\t\t\n\t\t<figure class=\"wpb_wrapper vc_figure\">\n\t\t\t<div class=\"vc_single_image-wrapper vc_box_rounded  vc_box_border_grey\"><img loading=\"lazy\" decoding=\"async\" width=\"330\" height=\"330\" src=\"https:\/\/ferreicork.com\/wp-content\/uploads\/2020\/04\/lab6.jpg\" class=\"vc_single_image-img attachment-full\" alt=\"\" title=\"lab6\" srcset=\"https:\/\/ferreicork.com\/wp-content\/uploads\/2020\/04\/lab6.jpg 330w, https:\/\/ferreicork.com\/wp-content\/uploads\/2020\/04\/lab6-300x300.jpg 300w, https:\/\/ferreicork.com\/wp-content\/uploads\/2020\/04\/lab6-150x150.jpg 150w, https:\/\/ferreicork.com\/wp-content\/uploads\/2020\/04\/lab6-60x60.jpg 60w\" sizes=\"auto, (max-width: 330px) 100vw, 330px\" \/><\/div>\n\t\t<\/figure>\n\t<\/div>\n<\/div><\/div><\/div><\/div><\/div><\/div><\/div><\/div><\/div><\/section>","protected":false},"excerpt":{"rendered":"Laborat\u00f3rio O trabalho do nosso laborat\u00f3rio e dos seus t\u00e9cnicos especializados \u00e9 essencial \u00e0 qualidade de tudo o que fazemos. H\u00e1 um...","protected":false},"author":1,"featured_media":0,"parent":0,"menu_order":0,"comment_status":"closed","ping_status":"closed","template":"","meta":{"footnotes":""},"class_list":["post-10","page","type-page","status-publish","hentry"],"_links":{"self":[{"href":"https:\/\/ferreicork.com\/es\/wp-json\/wp\/v2\/pages\/10","targetHints":{"allow":["GET"]}}],"collection":[{"href":"https:\/\/ferreicork.com\/es\/wp-json\/wp\/v2\/pages"}],"about":[{"href":"https:\/\/ferreicork.com\/es\/wp-json\/wp\/v2\/types\/page"}],"author":[{"embeddable":true,"href":"https:\/\/ferreicork.com\/es\/wp-json\/wp\/v2\/users\/1"}],"replies":[{"embeddable":true,"href":"https:\/\/ferreicork.com\/es\/wp-json\/wp\/v2\/comments?post=10"}],"version-history":[{"count":5,"href":"https:\/\/ferreicork.com\/es\/wp-json\/wp\/v2\/pages\/10\/revisions"}],"predecessor-version":[{"id":3218,"href":"https:\/\/ferreicork.com\/es\/wp-json\/wp\/v2\/pages\/10\/revisions\/3218"}],"wp:attachment":[{"href":"https:\/\/ferreicork.com\/es\/wp-json\/wp\/v2\/media?parent=10"}],"curies":[{"name":"wp","href":"https:\/\/api.w.org\/{rel}","templated":true}]}}