{"id":8,"date":"2020-04-28T18:20:01","date_gmt":"2020-04-28T18:20:01","guid":{"rendered":"https:\/\/ferreicork.com\/?page_id=8"},"modified":"2020-05-10T14:33:50","modified_gmt":"2020-05-10T14:33:50","slug":"visao-e-futuro","status":"publish","type":"page","link":"https:\/\/ferreicork.com\/en\/visao-e-futuro\/","title":{"rendered":"Future and Vision"},"content":{"rendered":"<div data-vc-full-width=\"true\" data-vc-full-width-init=\"false\" class=\"vc_row wpb_row vc_row-fluid\"><div class=\"wpb_column vc_column_container col-sm-12\"><div class=\"vc_column-inner\"><div class=\"wpb_wrapper\">\n\t<div  class=\"wpb_single_image wpb_content_element vc_align_center\">\n\t\t\n\t\t<figure class=\"wpb_wrapper vc_figure\">\n\t\t\t<div class=\"vc_single_image-wrapper   vc_box_border_grey\"><img loading=\"lazy\" decoding=\"async\" width=\"1351\" height=\"554\" src=\"https:\/\/ferreicork.com\/wp-content\/uploads\/2020\/04\/map2.jpg\" class=\"vc_single_image-img attachment-full\" alt=\"\" title=\"map2\" srcset=\"https:\/\/ferreicork.com\/wp-content\/uploads\/2020\/04\/map2.jpg 1351w, https:\/\/ferreicork.com\/wp-content\/uploads\/2020\/04\/map2-300x123.jpg 300w, https:\/\/ferreicork.com\/wp-content\/uploads\/2020\/04\/map2-1024x420.jpg 1024w, https:\/\/ferreicork.com\/wp-content\/uploads\/2020\/04\/map2-768x315.jpg 768w\" sizes=\"auto, (max-width: 1351px) 100vw, 1351px\" \/><\/div>\n\t\t<\/figure>\n\t<\/div>\n<div class=\"vc_empty_space\"   style=\"height: 150px\"><span class=\"vc_empty_space_inner\"><\/span><\/div><\/div><\/div><\/div><\/div><div class=\"vc_row-full-width vc_clearfix\"><\/div><div class=\"container\"><div class=\"vc_row wpb_row vc_row-fluid\"><div class=\"wpb_column vc_column_container col-sm-12\"><div class=\"vc_column-inner\"><div class=\"wpb_wrapper\">\n\t<div class=\"wpb_text_column wpb_content_element\" >\n\t\t<div class=\"wpb_wrapper\">\n\t\t\t<h2>Geographic Expansion<\/h2>\n\n\t\t<\/div>\n\t<\/div>\n<div class=\"vc_empty_space\"   style=\"height: 32px\"><span class=\"vc_empty_space_inner\"><\/span><\/div><\/div><\/div><\/div><\/div><\/div><div class=\"container\"><div class=\"vc_row wpb_row vc_row-fluid\"><div class=\"wpb_column vc_column_container col-sm-4\"><div class=\"vc_column-inner\"><div class=\"wpb_wrapper\"><div class=\"boxed boxed--border\" ><div class=\"container\"><div class=\"vc_icon_element vc_icon_element-outer vc_icon_element-align-center\"><div class=\"vc_icon_element-inner vc_icon_element-color-custom vc_icon_element-size-xl vc_icon_element-style- vc_icon_element-background-color-grey\" ><span class=\"vc_icon_element-icon fas fa-exchange-alt\" style=\"color:#a3db4a !important\"><\/span><\/div><\/div>\n\t<div class=\"wpb_text_column wpb_content_element\" >\n\t\t<div class=\"wpb_wrapper\">\n\t\t\t<h4 style=\"text-align: left;\">From the very beginning, our goal is to export<\/h4>\n\n\t\t<\/div>\n\t<\/div>\n<\/div><\/div><\/div><\/div><\/div><div class=\"wpb_column vc_column_container col-sm-4\"><div class=\"vc_column-inner\"><div class=\"wpb_wrapper\"><div class=\"boxed boxed--border\" ><div class=\"container\"><div class=\"vc_icon_element vc_icon_element-outer vc_icon_element-align-center\"><div class=\"vc_icon_element-inner vc_icon_element-color-custom vc_icon_element-size-xl vc_icon_element-style- vc_icon_element-background-color-grey\" ><span class=\"vc_icon_element-icon fas fa-braille\" style=\"color:#a3db4a !important\"><\/span><\/div><\/div>\n\t<div class=\"wpb_text_column wpb_content_element\" >\n\t\t<div class=\"wpb_wrapper\">\n\t\t\t<h4 style=\"text-align: justify;\">To meet the challenge of satisfying the customer and the growing demands of markets, dealing with different traditions and preferences, some business experience is required.<\/h4>\n\n\t\t<\/div>\n\t<\/div>\n<\/div><\/div><\/div><\/div><\/div><div class=\"wpb_column vc_column_container col-sm-4\"><div class=\"vc_column-inner\"><div class=\"wpb_wrapper\"><div class=\"boxed boxed--border\" ><div class=\"container\"><div class=\"vc_icon_element vc_icon_element-outer vc_icon_element-align-center\"><div class=\"vc_icon_element-inner vc_icon_element-color-custom vc_icon_element-size-xl vc_icon_element-style- vc_icon_element-background-color-grey\" ><span class=\"vc_icon_element-icon fas fa-globe-americas\" style=\"color:#a3db4a !important\"><\/span><\/div><\/div>\n\t<div class=\"wpb_text_column wpb_content_element\" >\n\t\t<div class=\"wpb_wrapper\">\n\t\t\t<h4 style=\"text-align: justify;\">Ferreicork provides the market for: Chile, Colombia, Spain, United States of America, Philippines, France, Italy, Malaysia, Mexico, Peru and Portugal.<\/h4>\n\n\t\t<\/div>\n\t<\/div>\n<\/div><\/div><\/div><\/div><\/div><\/div><\/div><section class=\"vc_custom_1588200748589 vc_section-has-fill\" ><div class=\"container\"><div class=\"vc_row wpb_row vc_row-fluid\"><div class=\"wpb_column vc_column_container col-sm-6\"><div class=\"vc_column-inner\"><div class=\"wpb_wrapper\">\n\t<div class=\"wpb_text_column wpb_content_element\" >\n\t\t<div class=\"wpb_wrapper\">\n\t\t\t<h2>Manufacturing process<\/h2>\n\n\t\t<\/div>\n\t<\/div>\n<div class=\"vc_empty_space\"   style=\"height: 32px\"><span class=\"vc_empty_space_inner\"><\/span><\/div>\n\t<div class=\"wpb_text_column wpb_content_element\" >\n\t\t<div class=\"wpb_wrapper\">\n\t\t\t<h4 style=\"text-align: justify;\" class=\"translation-block\">In the cork business it is important to establish sustainable development based on current concerns with environmental issues. The entire production process was designed to implement new methods in order to obtain the best productivity, but taking into account environmental concerns. Effective management of these factors has brought us competitiveness and made us one of the most respected companies in the natural cork stopper sector.\nTaking care of the environment is the guarantee of a better future.<\/h4>\n\n\t\t<\/div>\n\t<\/div>\n<\/div><\/div><\/div><div class=\"wpb_column vc_column_container col-sm-6\"><div class=\"vc_column-inner\"><div class=\"wpb_wrapper\"><div class=\"row vc_row wpb_row vc_inner vc_row-fluid\"><div class=\"wpb_column vc_column_container col-sm-6\"><div class=\"vc_column-inner\"><div class=\"wpb_wrapper\">\n\t<div  class=\"wpb_single_image wpb_content_element vc_align_left\">\n\t\t\n\t\t<figure class=\"wpb_wrapper vc_figure\">\n\t\t\t<div class=\"vc_single_image-wrapper vc_box_rounded  vc_box_border_grey\"><img loading=\"lazy\" decoding=\"async\" width=\"330\" height=\"330\" src=\"https:\/\/ferreicork.com\/wp-content\/uploads\/2020\/04\/process1.jpg\" class=\"vc_single_image-img attachment-full\" alt=\"\" title=\"process1\" srcset=\"https:\/\/ferreicork.com\/wp-content\/uploads\/2020\/04\/process1.jpg 330w, https:\/\/ferreicork.com\/wp-content\/uploads\/2020\/04\/process1-300x300.jpg 300w, https:\/\/ferreicork.com\/wp-content\/uploads\/2020\/04\/process1-150x150.jpg 150w, https:\/\/ferreicork.com\/wp-content\/uploads\/2020\/04\/process1-60x60.jpg 60w\" sizes=\"auto, (max-width: 330px) 100vw, 330px\" \/><\/div>\n\t\t<\/figure>\n\t<\/div>\n<\/div><\/div><\/div><div class=\"wpb_column vc_column_container col-sm-6\"><div class=\"vc_column-inner\"><div class=\"wpb_wrapper\">\n\t<div  class=\"wpb_single_image wpb_content_element vc_align_left\">\n\t\t\n\t\t<figure class=\"wpb_wrapper vc_figure\">\n\t\t\t<div class=\"vc_single_image-wrapper vc_box_rounded  vc_box_border_grey\"><img loading=\"lazy\" decoding=\"async\" width=\"330\" height=\"330\" src=\"https:\/\/ferreicork.com\/wp-content\/uploads\/2020\/04\/process2.jpg\" class=\"vc_single_image-img attachment-full\" alt=\"\" title=\"process2\" srcset=\"https:\/\/ferreicork.com\/wp-content\/uploads\/2020\/04\/process2.jpg 330w, https:\/\/ferreicork.com\/wp-content\/uploads\/2020\/04\/process2-300x300.jpg 300w, https:\/\/ferreicork.com\/wp-content\/uploads\/2020\/04\/process2-150x150.jpg 150w, https:\/\/ferreicork.com\/wp-content\/uploads\/2020\/04\/process2-60x60.jpg 60w\" sizes=\"auto, (max-width: 330px) 100vw, 330px\" \/><\/div>\n\t\t<\/figure>\n\t<\/div>\n<\/div><\/div><\/div><\/div><div class=\"vc_empty_space\"   style=\"height: 32px\"><span class=\"vc_empty_space_inner\"><\/span><\/div><div class=\"row vc_row wpb_row vc_inner vc_row-fluid\"><div class=\"wpb_column vc_column_container col-sm-6\"><div class=\"vc_column-inner\"><div class=\"wpb_wrapper\">\n\t<div  class=\"wpb_single_image wpb_content_element vc_align_left\">\n\t\t\n\t\t<figure class=\"wpb_wrapper vc_figure\">\n\t\t\t<div class=\"vc_single_image-wrapper vc_box_rounded  vc_box_border_grey\"><img loading=\"lazy\" decoding=\"async\" width=\"330\" height=\"330\" src=\"https:\/\/ferreicork.com\/wp-content\/uploads\/2020\/04\/process3.jpg\" class=\"vc_single_image-img attachment-full\" alt=\"\" title=\"process3\" srcset=\"https:\/\/ferreicork.com\/wp-content\/uploads\/2020\/04\/process3.jpg 330w, https:\/\/ferreicork.com\/wp-content\/uploads\/2020\/04\/process3-300x300.jpg 300w, https:\/\/ferreicork.com\/wp-content\/uploads\/2020\/04\/process3-150x150.jpg 150w, https:\/\/ferreicork.com\/wp-content\/uploads\/2020\/04\/process3-60x60.jpg 60w\" sizes=\"auto, (max-width: 330px) 100vw, 330px\" \/><\/div>\n\t\t<\/figure>\n\t<\/div>\n<\/div><\/div><\/div><div class=\"wpb_column vc_column_container col-sm-6\"><div class=\"vc_column-inner\"><div class=\"wpb_wrapper\">\n\t<div  class=\"wpb_single_image wpb_content_element vc_align_left\">\n\t\t\n\t\t<figure class=\"wpb_wrapper vc_figure\">\n\t\t\t<div class=\"vc_single_image-wrapper vc_box_rounded  vc_box_border_grey\"><img loading=\"lazy\" decoding=\"async\" width=\"330\" height=\"330\" src=\"https:\/\/ferreicork.com\/wp-content\/uploads\/2020\/04\/process4.jpg\" class=\"vc_single_image-img attachment-full\" alt=\"\" title=\"process4\" srcset=\"https:\/\/ferreicork.com\/wp-content\/uploads\/2020\/04\/process4.jpg 330w, https:\/\/ferreicork.com\/wp-content\/uploads\/2020\/04\/process4-300x300.jpg 300w, https:\/\/ferreicork.com\/wp-content\/uploads\/2020\/04\/process4-150x150.jpg 150w, https:\/\/ferreicork.com\/wp-content\/uploads\/2020\/04\/process4-60x60.jpg 60w\" sizes=\"auto, (max-width: 330px) 100vw, 330px\" \/><\/div>\n\t\t<\/figure>\n\t<\/div>\n<\/div><\/div><\/div><\/div><\/div><\/div><\/div><\/div><\/div><\/section>","protected":false},"excerpt":{"rendered":"Expans\u00e3o Geogr\u00e1fica Desde a nossa g\u00e9nese, a nossa voca\u00e7\u00e3o \u00e9 a exporta\u00e7\u00e3o Para responder ao desafio de satisfazer o cliente e as...","protected":false},"author":1,"featured_media":0,"parent":0,"menu_order":0,"comment_status":"closed","ping_status":"closed","template":"","meta":{"footnotes":""},"class_list":["post-8","page","type-page","status-publish","hentry"],"_links":{"self":[{"href":"https:\/\/ferreicork.com\/en\/wp-json\/wp\/v2\/pages\/8","targetHints":{"allow":["GET"]}}],"collection":[{"href":"https:\/\/ferreicork.com\/en\/wp-json\/wp\/v2\/pages"}],"about":[{"href":"https:\/\/ferreicork.com\/en\/wp-json\/wp\/v2\/types\/page"}],"author":[{"embeddable":true,"href":"https:\/\/ferreicork.com\/en\/wp-json\/wp\/v2\/users\/1"}],"replies":[{"embeddable":true,"href":"https:\/\/ferreicork.com\/en\/wp-json\/wp\/v2\/comments?post=8"}],"version-history":[{"count":5,"href":"https:\/\/ferreicork.com\/en\/wp-json\/wp\/v2\/pages\/8\/revisions"}],"predecessor-version":[{"id":3220,"href":"https:\/\/ferreicork.com\/en\/wp-json\/wp\/v2\/pages\/8\/revisions\/3220"}],"wp:attachment":[{"href":"https:\/\/ferreicork.com\/en\/wp-json\/wp\/v2\/media?parent=8"}],"curies":[{"name":"wp","href":"https:\/\/api.w.org\/{rel}","templated":true}]}}